{"id":2295,"date":"2016-08-16T06:08:21","date_gmt":"2016-08-16T06:08:21","guid":{"rendered":"http:\/\/www.womensrightswithoutfrontiers.org\/blog\/?page_id=2295"},"modified":"2023-02-02T23:13:05","modified_gmt":"2023-02-02T23:13:05","slug":"sign-our-petition","status":"publish","type":"page","link":"https:\/\/www.womensrightswithoutfrontiers.org\/blog\/sign-our-petition\/","title":{"rendered":"Sign Our Petition"},"content":{"rendered":"<p><strong><span style=\"color: #ff0000;\">(Read the text below)<\/span><\/strong><\/p>\n\n\t\t\t\t\t<!-- SpeakUp! Email Petitions 2.4.2 -->\n\t\t\t\t\t<div id=\"dk-speakup-windowshade\"><\/div>\n\t\t\t\t\t<div class=\"dk-speakup-petition-wrap \" id=\"dk-speakup-petition-1\" >\n\t\t\t\t\t\t<h3>Petition to Stop Forced Abortion in China<\/h3>\n\t\t\t\t\t\t<a id=\"dk-speakup-readme-1\" class=\"dk-speakup-readme\" rel=\"1\" style=\"display: none;\"><span>Read the petition<\/span><\/a>\n\t\t\t\t\t\t<div class=\"dk-speakup-response\"><\/div>\n\t\t\t\t\t\t<form class=\"dk-speakup-petition\">\n\t\t\t\t\t\t\t<input type=\"hidden\" id=\"dk-speakup-posttitle-1\" value=\"Petition+to+Stop+Forced+Abortion+in+China\" \/>\n\t\t\t\t\t\t\t<input type=\"hidden\" id=\"dk-speakup-tweet-1\" value=\"Petition to Stop Forced Abortion in China\" \/>\n\t\t\t\t\t\t\t<input type=\"hidden\" id=\"dk-speakup-lang-1\" value=\"\" \/>\n\t\t\t\t\t\t\t<input type=\"hidden\" id=\"dk-speakup-textval-1\" value=\"val\" \/>\n\t\t\t\t\t\t\t<div class=\"dk-speakup-full\">\n\t\t\t\t\t\t\t\t<label for=\"dk-speakup-first-name-1\" class=\"required\">First Name<\/label>\n\t\t\t\t\t\t\t\t<input name=\"dk-speakup-first-name\" id=\"dk-speakup-first-name-1\" value=\"\" type=\"text\" \/>\n\t\t\t\t\t\t\t<\/div>\n\t\t\t\t\t\t\t<div class=\"dk-speakup-full\">\n\t\t\t\t\t\t\t\t<label for=\"dk-speakup-last-name-1\" class=\"required\">Last Name<\/label>\n\t\t\t\t\t\t\t\t<input name=\"dk-speakup-last-name\" id=\"dk-speakup-last-name-1\" value=\"\" type=\"text\" \/>\n\t\t\t\t\t\t\t<\/div>\n\t\t\t\t\t\t\t<div class=\"dk-speakup-full\">\n\t\t\t\t\t\t\t\t<label for=\"dk-speakup-email-1\" class=\"required\">Email<\/label>\n\t\t\t\t\t\t\t\t<input name=\"dk-speakup-email\" id=\"dk-speakup-email-1\" value=\"\" type=\"text\" \/>\n\t\t\t\t\t\t\t<\/div><div>\n\t\t\t\t\t\t\t<div class=\"dk-speakup-half\">\n\t\t\t\t\t\t\t\t<label for=\"dk-speakup-country-1\">Country<\/label>\n\t\t\t\t\t\t\t\t<input name=\"dk-speakup-country\" id=\"dk-speakup-country-1\" maxlength=\"200\" type=\"text\" list=\"dk-speakup-countries\" \/>\n\t\t\t\t\t\t\t\t<datalist id=\"dk-speakup-countries\">\n\t\t\t\t\t\t\t\t\t<option value=\"Afghanistan\"><option value=\"Albania\"><option value=\"Algeria\"><option value=\"American Samoa\"><option value=\"Andorra\"><option value=\"Angola\"><option value=\"Anguilla\"><option value=\"Antarctica\"><option value=\"Antigua and Barbuda\"><option value=\"Argentina\"><option value=\"Armenia\"><option value=\"Aruba\"><option value=\"Australia\"><option value=\"Austria\"><option value=\"Azerbaijan\"><option value=\"Bahrain\"><option value=\"Bangladesh\"><option value=\"Barbados\"><option value=\"Belarus\"><option value=\"Belgium\"><option value=\"Belize\"><option value=\"Benin\"><option value=\"Bermuda\"><option value=\"Bhutan\"><option value=\"Bolivia\"><option value=\"Bosnia and Herzegovina\"><option value=\"Botswana\"><option value=\"Bouvet Island\"><option value=\"Brazil\"><option value=\"British Indian Ocean Territory\"><option value=\"British Virgin Islands\"><option value=\"Brunei\"><option value=\"Bulgaria\"><option value=\"Burkina Faso\"><option value=\"Burundi\"><option value=\"C\u00f4te d'Ivoire\"><option value=\"Cambodia\"><option value=\"Cameroon\"><option value=\"Canada\"><option value=\"Cape Verde\"><option value=\"Cayman Islands\"><option value=\"Central African Republic\"><option value=\"Chad\"><option value=\"Chile\"><option value=\"China\"><option value=\"Christmas Island\"><option value=\"Cocos (Keeling) Islands\"><option value=\"Colombia\"><option value=\"Comoros\"><option value=\"Congo\"><option value=\"Cook Islands\"><option value=\"Costa Rica\"><option value=\"Croatia\"><option value=\"Cuba\"><option value=\"Cyprus\"><option value=\"Czech Republic\"><option value=\"Democratic Republic of the Congo\"><option value=\"Denmark\"><option value=\"Djibouti\"><option value=\"Dominica\"><option value=\"Dominican Republic\"><option value=\"East Timor\"><option value=\"Ecuador\"><option value=\"Egypt\"><option value=\"El Salvador\"><option value=\"Equatorial Guinea\"><option value=\"Eritrea\"><option value=\"Estonia\"><option value=\"Ethiopia\"><option value=\"Faeroe Islands\"><option value=\"Falkland Islands\"><option value=\"Fiji\"><option value=\"Finland\"><option value=\"Former Yugoslav Republic of Macedonia\"><option value=\"France\"><option value=\"French Guiana\"><option value=\"French Polynesia\"><option value=\"French Southern Territories\"><option value=\"Gabon\"><option value=\"Georgia\"><option value=\"Germany\"><option value=\"Ghana\"><option value=\"Gibraltar\"><option value=\"Greece\"><option value=\"Greenland\"><option value=\"Grenada\"><option value=\"Guadeloupe\"><option value=\"Guam\"><option value=\"Guatemala\"><option value=\"Guinea\"><option value=\"Guinea-Bissau\"><option value=\"Guyana\"><option value=\"Haiti\"><option value=\"Heard Island and McDonald Islands\"><option value=\"Honduras\"><option value=\"Hong Kong\"><option value=\"Hungary\"><option value=\"Iceland\"><option value=\"India\"><option value=\"Indonesia\"><option value=\"Iran\"><option value=\"Iraq\"><option value=\"Ireland\"><option value=\"Israel\"><option value=\"Italy\"><option value=\"Jamaica\"><option value=\"Japan\"><option value=\"Jordan\"><option value=\"Kazakhstan\"><option value=\"Kenya\"><option value=\"Kiribati\"><option value=\"Kuwait\"><option value=\"Kyrgyzstan\"><option value=\"Laos\"><option value=\"Latvia\"><option value=\"Lebanon\"><option value=\"Lesotho\"><option value=\"Liberia\"><option value=\"Libya\"><option value=\"Liechtenstein\"><option value=\"Lithuania\"><option value=\"Luxembourg\"><option value=\"Macau\"><option value=\"Madagascar\"><option value=\"Malawi\"><option value=\"Malaysia\"><option value=\"Maldives\"><option value=\"Mali\"><option value=\"Malta\"><option value=\"Marshall Islands\"><option value=\"Martinique\"><option value=\"Mauritania\"><option value=\"Mauritius\"><option value=\"Mayotte\"><option value=\"Mexico\"><option value=\"Micronesia\"><option value=\"Moldova\"><option value=\"Monaco\"><option value=\"Mongolia\"><option value=\"Montserrat\"><option value=\"Morocco\"><option value=\"Mozambique\"><option value=\"Myanmar\"><option value=\"Namibia\"><option value=\"Nauru\"><option value=\"Nepal\"><option value=\"Netherlands\"><option value=\"Netherlands Antilles\"><option value=\"New Caledonia\"><option value=\"New Zealand\"><option value=\"Nicaragua\"><option value=\"Niger\"><option value=\"Nigeria\"><option value=\"Niue\"><option value=\"Norfolk Island\"><option value=\"North Korea\"><option value=\"Northern Marianas\"><option value=\"Norway\"><option value=\"Oman\"><option value=\"Pakistan\"><option value=\"Palau\"><option value=\"Panama\"><option value=\"Papua New Guinea\"><option value=\"Paraguay\"><option value=\"Peru\"><option value=\"Philippines\"><option value=\"Pitcairn Islands\"><option value=\"Poland\"><option value=\"Portugal\"><option value=\"Puerto Rico\"><option value=\"Qatar\"><option value=\"R\u00e9union\"><option value=\"Romania\"><option value=\"Russia\"><option value=\"Rwanda\"><option value=\"S\u00e3o Tom\u00e9 and Pr\u00edncipe\"><option value=\"Saint Helena\"><option value=\"Saint Kitts and Nevis\"><option value=\"Saint Lucia\"><option value=\"Saint Pierre and Miquelon\"><option value=\"Saint Vincent and the Grenadines\"><option value=\"Samoa\"><option value=\"San Marino\"><option value=\"Saudi Arabia\"><option value=\"Senegal\"><option value=\"Seychelles\"><option value=\"Sierra Leone\"><option value=\"Singapore\"><option value=\"Slovakia\"><option value=\"Slovenia\"><option value=\"Solomon Islands\"><option value=\"Somalia\"><option value=\"South Africa\"><option value=\"South Georgia and the South Sandwich Islands\"><option value=\"South Korea\"><option value=\"Spain\"><option value=\"Sri Lanka\"><option value=\"Sudan\"><option value=\"Suriname\"><option value=\"Svalbard and Jan Mayen\"><option value=\"Swaziland\"><option value=\"Sweden\"><option value=\"Switzerland\"><option value=\"Syria\"><option value=\"Taiwan\"><option value=\"Tajikistan\"><option value=\"Tanzania\"><option value=\"Thailand\"><option value=\"The Bahamas\"><option value=\"The Gambia\"><option value=\"Togo\"><option value=\"Tokelau\"><option value=\"Tonga\"><option value=\"Trinidad and Tobago\"><option value=\"Tunisia\"><option value=\"Turkey\"><option value=\"Turkmenistan\"><option value=\"Turks and Caicos Islands\"><option value=\"Tuvalu\"><option value=\"US Virgin Islands\"><option value=\"Uganda\"><option value=\"Ukraine\"><option value=\"United Arab Emirates\"><option value=\"United Kingdom\"><option value=\"United States\"><option value=\"United States Minor Outlying Islands\"><option value=\"Uruguay\"><option value=\"Uzbekistan\"><option value=\"Vanuatu\"><option value=\"Vatican City\"><option value=\"Venezuela\"><option value=\"Vietnam\"><option value=\"Wallis and Futuna\"><option value=\"Western Sahara\"><option value=\"Yemen\"><option value=\"Yugoslavia\"><option value=\"Zambia\"><option value=\"Zimbabwe\">\n\t\t\t\t\t\t\t\t<\/datalist>\n\t\t\t\t\t\t\t<\/div><\/div>\n\t\t\t\t\t\t\t<div class=\"dk-speakup-full dk-speakup-message\"  id=\"dk-speakup-message-1\">\n\t\t\t\t\t\t\t\t<p class=\"dk-speakup-greeting\"><\/p>\n\t\t\t\t\t\t\t\t<p>To the Attention of Chinese Ambassador, <\/p>\n<p>Dear Sir,<\/p>\n<p>We are aware that Chinese authorities are forcibly aborting women to enforce coercive birth limits in connection with China\u2019s One (now Three) Child Policy.  We, the undersigned, are deeply concerned for the suffering caused by these forced abortions and respectfully request that the Chinese government stop this brutal practice. <\/p>\n<p>Thank you for your kind attention to this matter.<\/p>\n\n\t\t\t\t\t\t\t\t<p class=\"dk-speakup-caps\">[signature]<\/p>\n\t\t\t\t\t\t\t<\/div>\n\t\t\t\t\t\t\t<div class=\"dk-speakup-optin-wrap\">\n\t\t\t\t\t\t\t\t<input type=\"checkbox\" name=\"dk-speakup-optin\" id=\"dk-speakup-optin-1\" checked=\"checked\" \/>\n\t\t\t\t\t\t\t\t<label for=\"dk-speakup-optin-1\">Keep me updated on the Three Child Policy and related human rights violations in China.<\/label>\n\t\t\t\t\t\t\t<\/div>\n\t\t\t\t\t\t\t<div class=\"dk-speakup-submit-wrap\">\n\t\t\t\t\t\t\t\t<div id=\"dk-speakup-ajaxloader-1\" class=\"dk-speakup-ajaxloader\" style=\"visibility: hidden;\">&nbsp;<\/div>\n\t\t\t\t\t\t\t\t<a name=\"1\" class=\"dk-speakup-submit\"><span>Sign Now<\/span><\/a>\n\t\t\t\t\t\t\t<\/div>\n\t\t\t\t\t\t<\/form>\n\t\t\t\t\t\t<div class=\"dk-speakup-progress-wrap\">\n\t\t\t\t\t\t\t<div class=\"dk-speakup-signature-count\">\n\t\t\t\t\t\t\t\t<span>41,372<\/span> signatures\n\t\t\t\t\t\t\t<\/div>\n\t\t\t\t\t\t\t\n\t\t\t\t\t\t<\/div>\n\t\t\t\t\t\t<div class=\"dk-speakup-share\">\n\t\t\t\t\t\t\t<div><p>Share this with your friends:<\/p>\n\t\t\t\t\t\t\t<p>\n\t\t\t\t\t\t\t\t<a class=\"dk-speakup-facebook\" href=\"#\" title=\"Facebook\" rel=\"1\"><span>&nbsp;<\/span><\/a>\n\t\t\t\t\t\t\t\t<a class=\"dk-speakup-twitter\" href=\"#\" title=\"Twitter\" rel=\"1\"><span>&nbsp;<\/span><\/a>\n\t\t\t\t\t\t\t<\/p>\n\t\t\t\t\t\t<\/div>\n\t\t\t\t\t\t\t<div class=\"dk-speakup-clear\"><\/div>\n\t\t\t\t\t\t<\/div>\n\t\t\t\t\t<\/div>\n","protected":false},"excerpt":{"rendered":"<p>(Read the text below)<\/p>\n","protected":false},"author":88889,"featured_media":0,"parent":0,"menu_order":0,"comment_status":"closed","ping_status":"closed","template":"","meta":{"_s2mail":"yes","footnotes":""},"class_list":["post-2295","page","type-page","status-publish","hentry"],"_links":{"self":[{"href":"https:\/\/www.womensrightswithoutfrontiers.org\/blog\/wp-json\/wp\/v2\/pages\/2295","targetHints":{"allow":["GET"]}}],"collection":[{"href":"https:\/\/www.womensrightswithoutfrontiers.org\/blog\/wp-json\/wp\/v2\/pages"}],"about":[{"href":"https:\/\/www.womensrightswithoutfrontiers.org\/blog\/wp-json\/wp\/v2\/types\/page"}],"author":[{"embeddable":true,"href":"https:\/\/www.womensrightswithoutfrontiers.org\/blog\/wp-json\/wp\/v2\/users\/88889"}],"replies":[{"embeddable":true,"href":"https:\/\/www.womensrightswithoutfrontiers.org\/blog\/wp-json\/wp\/v2\/comments?post=2295"}],"version-history":[{"count":6,"href":"https:\/\/www.womensrightswithoutfrontiers.org\/blog\/wp-json\/wp\/v2\/pages\/2295\/revisions"}],"predecessor-version":[{"id":4241,"href":"https:\/\/www.womensrightswithoutfrontiers.org\/blog\/wp-json\/wp\/v2\/pages\/2295\/revisions\/4241"}],"wp:attachment":[{"href":"https:\/\/www.womensrightswithoutfrontiers.org\/blog\/wp-json\/wp\/v2\/media?parent=2295"}],"curies":[{"name":"wp","href":"https:\/\/api.w.org\/{rel}","templated":true}]}}